{"id":140,"date":"2014-02-17T11:06:34","date_gmt":"2014-02-17T16:06:34","guid":{"rendered":"http:\/\/ditech.ca\/?page_id=140"},"modified":"2014-03-19T14:17:00","modified_gmt":"2014-03-19T19:17:00","slug":"granite","status":"publish","type":"page","link":"http:\/\/ditech.ca\/?page_id=140","title":{"rendered":"Granite"},"content":{"rendered":"<p>&nbsp;<\/p>\n<p><a href=\"http:\/\/ditech.ca\/wp-content\/uploads\/2014\/02\/CCchip.jpg\"><img loading=\"lazy\" decoding=\"async\" class=\"alignnone size-medium wp-image-124\" alt=\"CCchip\" src=\"http:\/\/ditech.ca\/wp-content\/uploads\/2014\/02\/CCchip-217x300.jpg\" width=\"217\" height=\"300\" srcset=\"http:\/\/ditech.ca\/wp-content\/uploads\/2014\/02\/CCchip-217x300.jpg 217w, http:\/\/ditech.ca\/wp-content\/uploads\/2014\/02\/CCchip-741x1024.jpg 741w, http:\/\/ditech.ca\/wp-content\/uploads\/2014\/02\/CCchip-100x138.jpg 100w, http:\/\/ditech.ca\/wp-content\/uploads\/2014\/02\/CCchip-150x207.jpg 150w, http:\/\/ditech.ca\/wp-content\/uploads\/2014\/02\/CCchip-200x276.jpg 200w, http:\/\/ditech.ca\/wp-content\/uploads\/2014\/02\/CCchip-300x414.jpg 300w, http:\/\/ditech.ca\/wp-content\/uploads\/2014\/02\/CCchip-450x621.jpg 450w, http:\/\/ditech.ca\/wp-content\/uploads\/2014\/02\/CCchip-600x828.jpg 600w, http:\/\/ditech.ca\/wp-content\/uploads\/2014\/02\/CCchip-900x1243.jpg 900w, http:\/\/ditech.ca\/wp-content\/uploads\/2014\/02\/CCchip.jpg 913w\" sizes=\"auto, (max-width: 217px) 100vw, 217px\" \/><\/a><\/p>\n<p>&#8220;\u00e9chantillons pour montrer les effets de diff\u00e9rents m\u00e9langes de flocons&#8221;<\/p>\n<p><a href=\"http:\/\/ditech.ca\/wp-content\/uploads\/2014\/02\/granit-beige.png\"><img loading=\"lazy\" decoding=\"async\" class=\"alignnone size-medium wp-image-405\" alt=\"granit beige\" src=\"http:\/\/ditech.ca\/wp-content\/uploads\/2014\/02\/granit-beige-300x300.png\" width=\"300\" height=\"300\" srcset=\"http:\/\/ditech.ca\/wp-content\/uploads\/2014\/02\/granit-beige-300x300.png 300w, http:\/\/ditech.ca\/wp-content\/uploads\/2014\/02\/granit-beige-150x150.png 150w, http:\/\/ditech.ca\/wp-content\/uploads\/2014\/02\/granit-beige-100x100.png 100w, http:\/\/ditech.ca\/wp-content\/uploads\/2014\/02\/granit-beige-200x200.png 200w, http:\/\/ditech.ca\/wp-content\/uploads\/2014\/02\/granit-beige-450x450.png 450w, http:\/\/ditech.ca\/wp-content\/uploads\/2014\/02\/granit-beige.png 500w\" sizes=\"auto, (max-width: 300px) 100vw, 300px\" \/><\/a> <a href=\"http:\/\/ditech.ca\/wp-content\/uploads\/2014\/02\/granite-grey.png\"><img loading=\"lazy\" decoding=\"async\" class=\"alignnone size-medium wp-image-406\" alt=\"granite grey\" src=\"http:\/\/ditech.ca\/wp-content\/uploads\/2014\/02\/granite-grey-300x300.png\" width=\"300\" height=\"300\" srcset=\"http:\/\/ditech.ca\/wp-content\/uploads\/2014\/02\/granite-grey-300x300.png 300w, http:\/\/ditech.ca\/wp-content\/uploads\/2014\/02\/granite-grey-150x150.png 150w, http:\/\/ditech.ca\/wp-content\/uploads\/2014\/02\/granite-grey-100x100.png 100w, http:\/\/ditech.ca\/wp-content\/uploads\/2014\/02\/granite-grey-200x200.png 200w, http:\/\/ditech.ca\/wp-content\/uploads\/2014\/02\/granite-grey-450x450.png 450w, http:\/\/ditech.ca\/wp-content\/uploads\/2014\/02\/granite-grey.png 500w\" sizes=\"auto, (max-width: 300px) 100vw, 300px\" \/><\/a> <a href=\"http:\/\/ditech.ca\/wp-content\/uploads\/2014\/02\/Granite1.png\"><img loading=\"lazy\" decoding=\"async\" class=\"alignnone size-medium wp-image-407\" alt=\"Granite1\" src=\"http:\/\/ditech.ca\/wp-content\/uploads\/2014\/02\/Granite1-300x300.png\" width=\"300\" height=\"300\" srcset=\"http:\/\/ditech.ca\/wp-content\/uploads\/2014\/02\/Granite1-300x300.png 300w, http:\/\/ditech.ca\/wp-content\/uploads\/2014\/02\/Granite1-150x150.png 150w, http:\/\/ditech.ca\/wp-content\/uploads\/2014\/02\/Granite1-100x100.png 100w, http:\/\/ditech.ca\/wp-content\/uploads\/2014\/02\/Granite1-200x200.png 200w, http:\/\/ditech.ca\/wp-content\/uploads\/2014\/02\/Granite1-450x450.png 450w, http:\/\/ditech.ca\/wp-content\/uploads\/2014\/02\/Granite1.png 500w\" sizes=\"auto, (max-width: 300px) 100vw, 300px\" \/><\/a> <a href=\"http:\/\/ditech.ca\/wp-content\/uploads\/2014\/02\/Granite2.png\"><img loading=\"lazy\" decoding=\"async\" class=\"alignnone size-medium wp-image-408\" alt=\"Granite2\" src=\"http:\/\/ditech.ca\/wp-content\/uploads\/2014\/02\/Granite2-300x300.png\" width=\"300\" height=\"300\" srcset=\"http:\/\/ditech.ca\/wp-content\/uploads\/2014\/02\/Granite2-300x300.png 300w, http:\/\/ditech.ca\/wp-content\/uploads\/2014\/02\/Granite2-150x150.png 150w, http:\/\/ditech.ca\/wp-content\/uploads\/2014\/02\/Granite2-100x100.png 100w, http:\/\/ditech.ca\/wp-content\/uploads\/2014\/02\/Granite2-200x200.png 200w, http:\/\/ditech.ca\/wp-content\/uploads\/2014\/02\/Granite2-450x450.png 450w, http:\/\/ditech.ca\/wp-content\/uploads\/2014\/02\/Granite2.png 500w\" sizes=\"auto, (max-width: 300px) 100vw, 300px\" \/><\/a><\/p>\n","protected":false},"excerpt":{"rendered":"<p>&nbsp; &#8220;\u00e9chantillons pour montrer les effets de diff\u00e9rents m\u00e9langes de flocons&#8221;<\/p>\n","protected":false},"author":1,"featured_media":0,"parent":0,"menu_order":0,"comment_status":"closed","ping_status":"closed","template":"full-width-page.php","meta":{"footnotes":""},"class_list":["post-140","page","type-page","status-publish","hentry"],"_links":{"self":[{"href":"http:\/\/ditech.ca\/index.php?rest_route=\/wp\/v2\/pages\/140","targetHints":{"allow":["GET"]}}],"collection":[{"href":"http:\/\/ditech.ca\/index.php?rest_route=\/wp\/v2\/pages"}],"about":[{"href":"http:\/\/ditech.ca\/index.php?rest_route=\/wp\/v2\/types\/page"}],"author":[{"embeddable":true,"href":"http:\/\/ditech.ca\/index.php?rest_route=\/wp\/v2\/users\/1"}],"replies":[{"embeddable":true,"href":"http:\/\/ditech.ca\/index.php?rest_route=%2Fwp%2Fv2%2Fcomments&post=140"}],"version-history":[{"count":5,"href":"http:\/\/ditech.ca\/index.php?rest_route=\/wp\/v2\/pages\/140\/revisions"}],"predecessor-version":[{"id":412,"href":"http:\/\/ditech.ca\/index.php?rest_route=\/wp\/v2\/pages\/140\/revisions\/412"}],"wp:attachment":[{"href":"http:\/\/ditech.ca\/index.php?rest_route=%2Fwp%2Fv2%2Fmedia&parent=140"}],"curies":[{"name":"wp","href":"https:\/\/api.w.org\/{rel}","templated":true}]}}